{"id":50,"date":"2018-11-14T08:00:42","date_gmt":"2018-11-14T08:00:42","guid":{"rendered":"http:\/\/niesatzer-hurzle.de\/?page_id=50"},"modified":"2023-11-12T13:28:20","modified_gmt":"2023-11-12T13:28:20","slug":"maskengruppe","status":"publish","type":"page","link":"https:\/\/niesatzer-hurzle.de\/?page_id=50","title":{"rendered":"Maskengruppe"},"content":{"rendered":"<p class=\"p1\"><span class=\"s1\">Die Maskengruppe wird durch unser blaues Zwetschgen und dem gr\u00fcnen Birnen H\u00e4s repr\u00e4sentieret. In voller Montur mit H\u00e4s, Strohschuhen und Masken sind wir auf den Umz\u00fcgen dabei und machen mit unserem Klepperlen immer gute Stimmung. Dabei wollen wir dem fasnachtlichem Brauchtum alle Ehre bereiten.<\/span><\/p>\n<p class=\"p1\"><span class=\"s1\">Unsere Hurzeljugend geh\u00f6rt dabei selbstverst\u00e4ndlich auch dazu, die eigene Holzmaske gibt es jedoch erst ab 14 Jahren.<\/span><\/p>\n<p class=\"p1\"><span class=\"s1\">Auch die Maskengruppe hat mehrere Tanzgruppen von jung bis alt. Getanzt wird bei den \u00e4lteren nat\u00fcrlich mit H\u00e4s und Maske.<\/span><\/p>\n\n\n<figure class=\"wp-block-gallery has-nested-images columns-default is-cropped wp-block-gallery-1 is-layout-flex wp-block-gallery-is-layout-flex\">\n<figure class=\"wp-block-image size-large\"><img loading=\"lazy\" decoding=\"async\" width=\"1024\" height=\"768\" data-id=\"508\" src=\"http:\/\/niesatzer-hurzle.de\/wp-content\/uploads\/2023\/11\/007CD422-C773-4A30-A356-1FA1CB933D61-1024x768.jpeg\" alt=\"\" class=\"wp-image-508\" srcset=\"https:\/\/niesatzer-hurzle.de\/wp-content\/uploads\/2023\/11\/007CD422-C773-4A30-A356-1FA1CB933D61-1024x768.jpeg 1024w, https:\/\/niesatzer-hurzle.de\/wp-content\/uploads\/2023\/11\/007CD422-C773-4A30-A356-1FA1CB933D61-300x225.jpeg 300w, https:\/\/niesatzer-hurzle.de\/wp-content\/uploads\/2023\/11\/007CD422-C773-4A30-A356-1FA1CB933D61-768x576.jpeg 768w, https:\/\/niesatzer-hurzle.de\/wp-content\/uploads\/2023\/11\/007CD422-C773-4A30-A356-1FA1CB933D61-1536x1152.jpeg 1536w, https:\/\/niesatzer-hurzle.de\/wp-content\/uploads\/2023\/11\/007CD422-C773-4A30-A356-1FA1CB933D61-2048x1536.jpeg 2048w\" sizes=\"auto, (max-width: 767px) 89vw, (max-width: 1000px) 54vw, (max-width: 1071px) 543px, 580px\" \/><\/figure>\n\n\n\n<figure class=\"wp-block-image size-large\"><img loading=\"lazy\" decoding=\"async\" width=\"1024\" height=\"812\" data-id=\"406\" src=\"http:\/\/niesatzer-hurzle.de\/wp-content\/uploads\/2023\/11\/ED3A18AE-C08F-49A0-8E29-69619C4E396E-1024x812.jpeg\" alt=\"\" class=\"wp-image-406\" srcset=\"https:\/\/niesatzer-hurzle.de\/wp-content\/uploads\/2023\/11\/ED3A18AE-C08F-49A0-8E29-69619C4E396E-1024x812.jpeg 1024w, https:\/\/niesatzer-hurzle.de\/wp-content\/uploads\/2023\/11\/ED3A18AE-C08F-49A0-8E29-69619C4E396E-300x238.jpeg 300w, https:\/\/niesatzer-hurzle.de\/wp-content\/uploads\/2023\/11\/ED3A18AE-C08F-49A0-8E29-69619C4E396E-768x609.jpeg 768w, https:\/\/niesatzer-hurzle.de\/wp-content\/uploads\/2023\/11\/ED3A18AE-C08F-49A0-8E29-69619C4E396E.jpeg 1125w\" sizes=\"auto, (max-width: 767px) 89vw, (max-width: 1000px) 54vw, (max-width: 1071px) 543px, 580px\" \/><\/figure>\n\n\n\n<figure class=\"wp-block-image size-large\"><img loading=\"lazy\" decoding=\"async\" width=\"1024\" height=\"576\" data-id=\"539\" src=\"http:\/\/niesatzer-hurzle.de\/wp-content\/uploads\/2023\/11\/275E8F60-0B6B-4F50-A3A9-6EA1EDAEC494-1024x576.jpeg\" alt=\"\" class=\"wp-image-539\" srcset=\"https:\/\/niesatzer-hurzle.de\/wp-content\/uploads\/2023\/11\/275E8F60-0B6B-4F50-A3A9-6EA1EDAEC494-1024x576.jpeg 1024w, https:\/\/niesatzer-hurzle.de\/wp-content\/uploads\/2023\/11\/275E8F60-0B6B-4F50-A3A9-6EA1EDAEC494-300x169.jpeg 300w, https:\/\/niesatzer-hurzle.de\/wp-content\/uploads\/2023\/11\/275E8F60-0B6B-4F50-A3A9-6EA1EDAEC494-768x432.jpeg 768w, https:\/\/niesatzer-hurzle.de\/wp-content\/uploads\/2023\/11\/275E8F60-0B6B-4F50-A3A9-6EA1EDAEC494-1536x864.jpeg 1536w, https:\/\/niesatzer-hurzle.de\/wp-content\/uploads\/2023\/11\/275E8F60-0B6B-4F50-A3A9-6EA1EDAEC494.jpeg 2016w\" sizes=\"auto, (max-width: 767px) 89vw, (max-width: 1000px) 54vw, (max-width: 1071px) 543px, 580px\" \/><\/figure>\n<\/figure>\n","protected":false},"excerpt":{"rendered":"<p>Die Maskengruppe wird durch unser blaues Zwetschgen und dem gr\u00fcnen Birnen H\u00e4s repr\u00e4sentieret. In voller Montur mit H\u00e4s, Strohschuhen und Masken sind wir auf den Umz\u00fcgen dabei und machen mit unserem Klepperlen immer gute Stimmung. Dabei wollen wir dem fasnachtlichem Brauchtum alle Ehre bereiten. Unsere Hurzeljugend geh\u00f6rt dabei selbstverst\u00e4ndlich auch dazu, die eigene Holzmaske gibt &hellip; <\/p>\n<p class=\"link-more\"><a href=\"https:\/\/niesatzer-hurzle.de\/?page_id=50\" class=\"more-link\"><span class=\"screen-reader-text\">\u201eMaskengruppe\u201c<\/span> weiterlesen<\/a><\/p>\n","protected":false},"author":1,"featured_media":0,"parent":0,"menu_order":0,"comment_status":"closed","ping_status":"closed","template":"","meta":{"footnotes":""},"class_list":["post-50","page","type-page","status-publish","hentry"],"_links":{"self":[{"href":"https:\/\/niesatzer-hurzle.de\/index.php?rest_route=\/wp\/v2\/pages\/50","targetHints":{"allow":["GET"]}}],"collection":[{"href":"https:\/\/niesatzer-hurzle.de\/index.php?rest_route=\/wp\/v2\/pages"}],"about":[{"href":"https:\/\/niesatzer-hurzle.de\/index.php?rest_route=\/wp\/v2\/types\/page"}],"author":[{"embeddable":true,"href":"https:\/\/niesatzer-hurzle.de\/index.php?rest_route=\/wp\/v2\/users\/1"}],"replies":[{"embeddable":true,"href":"https:\/\/niesatzer-hurzle.de\/index.php?rest_route=%2Fwp%2Fv2%2Fcomments&post=50"}],"version-history":[{"count":10,"href":"https:\/\/niesatzer-hurzle.de\/index.php?rest_route=\/wp\/v2\/pages\/50\/revisions"}],"predecessor-version":[{"id":541,"href":"https:\/\/niesatzer-hurzle.de\/index.php?rest_route=\/wp\/v2\/pages\/50\/revisions\/541"}],"wp:attachment":[{"href":"https:\/\/niesatzer-hurzle.de\/index.php?rest_route=%2Fwp%2Fv2%2Fmedia&parent=50"}],"curies":[{"name":"wp","href":"https:\/\/api.w.org\/{rel}","templated":true}]}}