{"id":58,"date":"2018-11-14T08:05:31","date_gmt":"2018-11-14T08:05:31","guid":{"rendered":"http:\/\/niesatzer-hurzle.de\/?page_id=58"},"modified":"2025-03-19T14:11:04","modified_gmt":"2025-03-19T14:11:04","slug":"elferrat-blue-ladies","status":"publish","type":"page","link":"https:\/\/niesatzer-hurzle.de\/?page_id=58","title":{"rendered":"Elferrat\/Blue Ladies"},"content":{"rendered":"<\/p>\n<p>Normalerweise w\u00fcrde man wohl vermuten, dass ein Elferrat aus 11 Personen besteht. Aber das ist uns zu langweilig! Bei uns sind seit einigen Jahren auch die Blue Ladies dabei. Die M\u00e4nner haben Unterst\u00fctzung und Verst\u00e4rkung auf dem Umzugswagen und bei der j\u00e4hrlichen Kappensitzungbekommen.<\/p>\n<\/p>\n\n\n<figure class=\"wp-block-gallery has-nested-images columns-default is-cropped wp-block-gallery-1 is-layout-flex wp-block-gallery-is-layout-flex\">\n<figure class=\"wp-block-image size-large\"><img loading=\"lazy\" decoding=\"async\" width=\"1024\" height=\"768\" data-id=\"577\" src=\"https:\/\/niesatzer-hurzle.de\/wp-content\/uploads\/2025\/03\/IMG_6978-1024x768.jpeg\" alt=\"\" class=\"wp-image-577\" srcset=\"https:\/\/niesatzer-hurzle.de\/wp-content\/uploads\/2025\/03\/IMG_6978-1024x768.jpeg 1024w, https:\/\/niesatzer-hurzle.de\/wp-content\/uploads\/2025\/03\/IMG_6978-300x225.jpeg 300w, https:\/\/niesatzer-hurzle.de\/wp-content\/uploads\/2025\/03\/IMG_6978-768x576.jpeg 768w, https:\/\/niesatzer-hurzle.de\/wp-content\/uploads\/2025\/03\/IMG_6978-1536x1152.jpeg 1536w, https:\/\/niesatzer-hurzle.de\/wp-content\/uploads\/2025\/03\/IMG_6978-2048x1536.jpeg 2048w\" sizes=\"auto, (max-width: 767px) 89vw, (max-width: 1000px) 54vw, (max-width: 1071px) 543px, 580px\" \/><\/figure>\n<figcaption class=\"blocks-gallery-caption wp-element-caption\">Oberkirch 2024<\/figcaption><\/figure>\n\n\n\n<figure class=\"wp-block-gallery has-nested-images columns-default is-cropped wp-block-gallery-2 is-layout-flex wp-block-gallery-is-layout-flex\"><\/figure>\n","protected":false},"excerpt":{"rendered":"<p>Normalerweise w\u00fcrde man wohl vermuten, dass ein Elferrat aus 11 Personen besteht. Aber das ist uns zu langweilig! Bei uns sind seit einigen Jahren auch die Blue Ladies dabei. Die M\u00e4nner haben Unterst\u00fctzung und Verst\u00e4rkung auf dem Umzugswagen und bei der j\u00e4hrlichen Kappensitzungbekommen.<\/p>\n","protected":false},"author":1,"featured_media":0,"parent":0,"menu_order":0,"comment_status":"closed","ping_status":"closed","template":"","meta":{"footnotes":""},"class_list":["post-58","page","type-page","status-publish","hentry"],"_links":{"self":[{"href":"https:\/\/niesatzer-hurzle.de\/index.php?rest_route=\/wp\/v2\/pages\/58","targetHints":{"allow":["GET"]}}],"collection":[{"href":"https:\/\/niesatzer-hurzle.de\/index.php?rest_route=\/wp\/v2\/pages"}],"about":[{"href":"https:\/\/niesatzer-hurzle.de\/index.php?rest_route=\/wp\/v2\/types\/page"}],"author":[{"embeddable":true,"href":"https:\/\/niesatzer-hurzle.de\/index.php?rest_route=\/wp\/v2\/users\/1"}],"replies":[{"embeddable":true,"href":"https:\/\/niesatzer-hurzle.de\/index.php?rest_route=%2Fwp%2Fv2%2Fcomments&post=58"}],"version-history":[{"count":8,"href":"https:\/\/niesatzer-hurzle.de\/index.php?rest_route=\/wp\/v2\/pages\/58\/revisions"}],"predecessor-version":[{"id":579,"href":"https:\/\/niesatzer-hurzle.de\/index.php?rest_route=\/wp\/v2\/pages\/58\/revisions\/579"}],"wp:attachment":[{"href":"https:\/\/niesatzer-hurzle.de\/index.php?rest_route=%2Fwp%2Fv2%2Fmedia&parent=58"}],"curies":[{"name":"wp","href":"https:\/\/api.w.org\/{rel}","templated":true}]}}