{"id":59,"date":"2018-11-14T08:05:31","date_gmt":"2018-11-14T08:05:31","guid":{"rendered":"http:\/\/niesatzer-hurzle.de\/?page_id=59"},"modified":"2025-03-19T14:25:57","modified_gmt":"2025-03-19T14:25:57","slug":"geschichte-des-vereins","status":"publish","type":"page","link":"https:\/\/niesatzer-hurzle.de\/?page_id=59","title":{"rendered":"Geschichte des Vereins"},"content":{"rendered":"<p><strong>1928<\/strong><br \/>Es war einmal\u2026 \u2026 im Jahre 1928, als in Neusatz mit einem Maskenball im \u201eRebstock\u201c die Fasnacht begann. Danach folgte jedes Jahr eine Kappensitzung. <br \/><strong>\u00a0<br \/><\/strong><strong>1939<br \/><\/strong>Nach einer Funkstille von 7 Jahren, wurde wieder ein Elferrat gegr\u00fcndet. Der Krieg unterbrach jedoch das n\u00e4rrische Treiben. <\/p>\n<p><strong>1946-1969<\/strong><br \/>Die Fasnacht flackerte 1946 wieder mit der Veranstaltung eines Preismaskenballs auf. Von nun an feierten die Narren vom Gebersberg, von Waldmatt und vom Obertal fast j\u00e4hrlich ihre Kappenabende. 1965 fand der 1. gro\u00dfe Umzug der Obert\u00e4ler statt. Das Obertal w\u00e4hlte ab 1959 j\u00e4hrlich einen Narrenb\u00fcrgermeister. Das Untertal zog 1964 nach.<\/p>\n<p><strong>1970- 1972<br \/><\/strong>Ab 1970 kamen sich die Einzelortsteile wieder n\u00e4her, man feierte gemeinsam die 1. Kappensitzung und zog n\u00e4rrisch vom Kloster bis zum Kirchplatz. W\u00e4hrend 1971 die Fasnachtler wieder getrennte Wege gingen versuchte man es 1972 wieder gemeinsam. Danach gingen die Lichter der Neusatzer Fasnacht aus! <\/p>\n<p><strong>1978-1992<br \/><\/strong>Erst 1978 wurde die n\u00e4rrische Zeit w\u00e4hrend eines Stammtischgeplauders in der Laube durch die Gr\u00fcndungsmitglieder E. Hannemann, R. Hechinger, H. Fritz, A. Schaufler, R. Schmider, F. R\u00f6ck, D. Zahn und H. Kist in Erinnerung gerufen.<\/p>\n\n<div class=\"wp-block-image\">\n<figure class=\"aligncenter is-resized\"><img loading=\"lazy\" decoding=\"async\" width=\"1024\" height=\"768\" src=\"http:\/\/niesatzer-hurzle.de\/wp-content\/uploads\/2019\/07\/140-1024x768.jpg\" alt=\"\" class=\"wp-image-349\" style=\"width:481px;height:361px\" srcset=\"https:\/\/niesatzer-hurzle.de\/wp-content\/uploads\/2019\/07\/140-1024x768.jpg 1024w, https:\/\/niesatzer-hurzle.de\/wp-content\/uploads\/2019\/07\/140-300x225.jpg 300w, https:\/\/niesatzer-hurzle.de\/wp-content\/uploads\/2019\/07\/140-768x576.jpg 768w\" sizes=\"auto, (max-width: 767px) 89vw, (max-width: 1000px) 54vw, (max-width: 1071px) 543px, 580px\" \/><\/figure>\n<\/div>\n\n\n<p>Im Februar 1979 und 1980 hielt man wieder eine Kappensitzung ab. 1980 wurde das 1. Komitee der \u00d6ffentlichkeit vorgestellt. <br><br><strong>1993<\/strong><br>Am 11.11.1993 wurden die Masken und das H\u00e4s der neu gegr\u00fcndeten Maskengruppe der \u00d6ffentlichkeit vorgestellt. Inspiriert durch den Namen \u201eNiesatzer Hurzle\u201c wollte man die Idee in einer Maskengruppe verwirklichen. Da in Neusatz vorwiegend Zwetschgen und Birnen wachsen, aus denen die sog. \u201eHurzel-Schnitze\u201c (getrocknete Fr\u00fcchte) f\u00fcr das Hutzelbrot gemacht werden, wurden diese Obstsorten in einer Holzmaske und einem H\u00e4s verwirklicht.<\/p>\n","protected":false},"excerpt":{"rendered":"<p>1928Es war einmal\u2026 \u2026 im Jahre 1928, als in Neusatz mit einem Maskenball im \u201eRebstock\u201c die Fasnacht begann. Danach folgte jedes Jahr eine Kappensitzung. \u00a01939Nach einer Funkstille von 7 Jahren, wurde wieder ein Elferrat gegr\u00fcndet. Der Krieg unterbrach jedoch das n\u00e4rrische Treiben. 1946-1969Die Fasnacht flackerte 1946 wieder mit der Veranstaltung eines Preismaskenballs auf. Von nun &hellip; <\/p>\n<p class=\"link-more\"><a href=\"https:\/\/niesatzer-hurzle.de\/?page_id=59\" class=\"more-link\"><span class=\"screen-reader-text\">\u201eGeschichte des Vereins\u201c<\/span> weiterlesen<\/a><\/p>\n","protected":false},"author":1,"featured_media":0,"parent":0,"menu_order":0,"comment_status":"closed","ping_status":"closed","template":"","meta":{"footnotes":""},"class_list":["post-59","page","type-page","status-publish","hentry"],"_links":{"self":[{"href":"https:\/\/niesatzer-hurzle.de\/index.php?rest_route=\/wp\/v2\/pages\/59","targetHints":{"allow":["GET"]}}],"collection":[{"href":"https:\/\/niesatzer-hurzle.de\/index.php?rest_route=\/wp\/v2\/pages"}],"about":[{"href":"https:\/\/niesatzer-hurzle.de\/index.php?rest_route=\/wp\/v2\/types\/page"}],"author":[{"embeddable":true,"href":"https:\/\/niesatzer-hurzle.de\/index.php?rest_route=\/wp\/v2\/users\/1"}],"replies":[{"embeddable":true,"href":"https:\/\/niesatzer-hurzle.de\/index.php?rest_route=%2Fwp%2Fv2%2Fcomments&post=59"}],"version-history":[{"count":7,"href":"https:\/\/niesatzer-hurzle.de\/index.php?rest_route=\/wp\/v2\/pages\/59\/revisions"}],"predecessor-version":[{"id":587,"href":"https:\/\/niesatzer-hurzle.de\/index.php?rest_route=\/wp\/v2\/pages\/59\/revisions\/587"}],"wp:attachment":[{"href":"https:\/\/niesatzer-hurzle.de\/index.php?rest_route=%2Fwp%2Fv2%2Fmedia&parent=59"}],"curies":[{"name":"wp","href":"https:\/\/api.w.org\/{rel}","templated":true}]}}